{"id":2796,"date":"2018-05-17T17:27:51","date_gmt":"2018-05-17T15:27:51","guid":{"rendered":"http:\/\/www.platform-craft.eu\/?page_id=2796"},"modified":"2018-08-23T11:22:56","modified_gmt":"2018-08-23T09:22:56","slug":"legal-notice","status":"publish","type":"page","link":"https:\/\/www.platform-craft.eu\/en\/legal-notice\/","title":{"rendered":"Legal notice"},"content":{"rendered":"<div class=\"flex_column av_one_full  flex_column_div av-zero-column-padding first  \" style='border-radius:0px; '><div style='padding-bottom:0px;font-size:40px;' class='av-special-heading av-special-heading-h1  blockquote modern-quote modern-centered   av-inherit-size '><h1 class='av-special-heading-tag '  itemprop=\"headline\"  >LEGAL NOTICE<\/h1><div class='special-heading-border'><div class='special-heading-inner-border' ><\/div><\/div><\/div><\/div>\n<\/div><\/div><\/div><!-- close content main div --><\/div><\/div><div id='av_section_1' class='avia-section main_color avia-section-default avia-no-shadow avia-bg-style-scroll   container_wrap fullsize'   ><div class='container' ><div class='template-page content  av-content-full alpha units'><div class='post-entry post-entry-type-page post-entry-2796'><div class='entry-content-wrapper clearfix'>\n<div class=\"flex_column av_one_full  flex_column_div av-zero-column-padding first  \" style='border-radius:0px; '><section class=\"av_textblock_section \"  itemscope=\"itemscope\" itemtype=\"https:\/\/schema.org\/CreativeWork\" ><div class='avia_textblock  '   itemprop=\"text\" ><h2>Visas<\/h2>\n<p>The French Data Protection act n\u00b078-17 of January 6, 1978 amended<\/p>\n<p>The French Digital Economy act no. 2004-575 of June 21, 2004<\/p>\n<h2>Publisher \/ Hoster<\/h2>\n<p>Director of Publication is Alain Terpant, Director of Bretagne D\u00e9veloppement Innovation (BDI).<\/p>\n<p>BDI<\/p>\n<p>1 Bis route de Foug\u00e8res, 35510 Cesson-S\u00e9vign\u00e9<\/p>\n<p>contact[at]bdi.fr<\/p>\n<p>Credits<\/p>\n<p>Site design: agence <a href=\"http:\/\/www.icilaba-creation.com\" target=\"_blank\" rel=\"noopener\">Icilaba Creation<\/a><\/p>\n<p>45 rue de la Poterie<\/p>\n<p>35131 Chartres de Bretagne<\/p>\n<p>Hosting is provided by OVH, whose head office is located:<\/p>\n<p>2 rue Kellermann<\/p>\n<p>59100 Roubaix FRANCE<\/p>\n<p>The Craft platform is the property of Bretagne D\u00e9veloppement Innovation, an <a href=\"https:\/\/www.azimut.net\/fr\" target=\"_blank\" rel=\"noopener\">Azimut.net<\/a> creation<\/p>\n<h2>General terms and conditions of use<\/h2>\n<p>The user acknowledges this legal notice and agrees to abide by it. User recognises he\/she has checked that the computer configuration used does not contain any viruses or other \u201cmalicious software\u201d and that it is in perfect working order. The use alone is responsible for choosing, using and interpreting the data consulted, requested and transferred on the internet. The owner of the website shall do its utmost to offer users information and tools that are available and verified. However, the owner shall not be held liable for errors, omissions or non-availability of information or for the presence of viruses or \u201cmalicious software\u201d on its site.<\/p>\n<h2>Personal privacy<\/h2>\n<p>The user is aware that, according to the terms of the French Data Protect Act, he\/she has the right to access, modify and have removed any personal data by writing to the following address: contact[at]platform-craft.eu<\/p>\n<h2>Intellectual copyright, reproduction rights<\/h2>\n<p>The general structure of the site and any software, texts, images animated or otherwise, sound, know-how, etc. and any other elements comprising the site shall remain the exclusive property of BDI or are used under licence.<\/p>\n<p>The whole site is protected by French and international legislation on copyright and intellectual property. All reproduction rights are reserved, including for downloadable documents and icons or photographs.<\/p>\n<p>It is forbidden to reproduce electronically all or part of this site without the express authorisation of BDI and any breach shall be deemed infringement sanctioned by articles L 335-2 et seq. of the French Code of Intellectual Property (CPI), unless otherwise expressly mentioned.<\/p>\n<p>It is authorised to reproduce pages of this site on paper unless explicitly mentioned otherwise, subject to the following conditions:<\/p>\n<p>&#8211; respect of the integrity of documents reproduced with explicit mention of the source: platform-craft.eu<\/p>\n<p>&#8211; mention that reproduction rights are reserved and limited to free distribution.<\/p>\n<h2>Links policy<\/h2>\n<p>All links to the home page or to one of the internal pages of the platform-craft.eu site may be made when not used for commercial or advertising purposes, subject to the mention \u201cOn the platform-craft.eu site\u201d or any equivalent mention clearly indicated on or near the link. This authorisation does not apply to websites distributing illicit information. All direct or deep links to a document other than a website are forbidden. In particular, this concerns graphics, multimedia or animated documents (format jpeg, gif, etc.) and any text documents (formats txt, doc, rtf, pdf, etc.). Links may not be made directly to these documents, whether or not they are downloadable, but only to the web pages where they are integrated. Any use of any one of the elements on the platforme-craft.eu site inside any other site by means of inclusions, insets, inlining or similar processes is forbidden.<\/p>\n<p>Requests for authorisation should be sent to the following address: contact[at]platform-craft.eu. It should mention the address of the page where the link to the third-party site will be included.\u201d<\/p>\n<h2>Notification procedure<\/h2>\n<p>Any user noting errors, omissions or manifestly illicit information shall inform the director of publication so that it may be removed.<\/p>\n<h2>Amendments to the legal notice<\/h2>\n<p>BDI, owner and operator of the site, reserves the right to amend this notice at any time. The user therefore agrees to consult it regularly.<\/p>\n<h2>Applicable law<\/h2>\n<p>In the event of a dispute, French law shall apply. Exclusive jurisdiction is given to the relevant courts of Rennes (France).<\/p>\n<p>Done in Rennes, on 25 April 2018<\/p>\n<\/div><\/section><\/div>\n","protected":false},"excerpt":{"rendered":"","protected":false},"author":15,"featured_media":0,"parent":0,"menu_order":0,"comment_status":"closed","ping_status":"closed","template":"","meta":{"content-type":"","footnotes":""},"class_list":["post-2796","page","type-page","status-publish","hentry"],"_links":{"self":[{"href":"https:\/\/www.platform-craft.eu\/en\/wp-json\/wp\/v2\/pages\/2796","targetHints":{"allow":["GET"]}}],"collection":[{"href":"https:\/\/www.platform-craft.eu\/en\/wp-json\/wp\/v2\/pages"}],"about":[{"href":"https:\/\/www.platform-craft.eu\/en\/wp-json\/wp\/v2\/types\/page"}],"author":[{"embeddable":true,"href":"https:\/\/www.platform-craft.eu\/en\/wp-json\/wp\/v2\/users\/15"}],"replies":[{"embeddable":true,"href":"https:\/\/www.platform-craft.eu\/en\/wp-json\/wp\/v2\/comments?post=2796"}],"version-history":[{"count":8,"href":"https:\/\/www.platform-craft.eu\/en\/wp-json\/wp\/v2\/pages\/2796\/revisions"}],"predecessor-version":[{"id":3637,"href":"https:\/\/www.platform-craft.eu\/en\/wp-json\/wp\/v2\/pages\/2796\/revisions\/3637"}],"wp:attachment":[{"href":"https:\/\/www.platform-craft.eu\/en\/wp-json\/wp\/v2\/media?parent=2796"}],"curies":[{"name":"wp","href":"https:\/\/api.w.org\/{rel}","templated":true}]}}